{"id":73683,"date":"2024-04-08T07:28:12","date_gmt":"2024-04-08T07:28:12","guid":{"rendered":"https:\/\/info.viviarto.com\/partenaires\/"},"modified":"2026-02-22T13:45:00","modified_gmt":"2026-02-22T13:45:00","slug":"socios","status":"publish","type":"page","link":"https:\/\/info.viviarto.com\/es\/socios\/","title":{"rendered":"Socios"},"content":{"rendered":"\t\t<div data-elementor-type=\"wp-page\" data-elementor-id=\"73683\" class=\"elementor elementor-73683 elementor-72116\" data-elementor-post-type=\"page\">\n\t\t\t\t<div class=\"elementor-element elementor-element-a39c638 e-flex e-con-boxed e-con e-parent\" data-id=\"a39c638\" data-element_type=\"container\" data-e-type=\"container\" data-settings=\"{&quot;background_background&quot;:&quot;classic&quot;}\">\n\t\t\t\t\t<div class=\"e-con-inner\">\n\t\t<div class=\"elementor-element elementor-element-fc5197a e-flex e-con-boxed e-con e-child\" data-id=\"fc5197a\" data-element_type=\"container\" data-e-type=\"container\">\n\t\t\t\t\t<div class=\"e-con-inner\">\n\t\t\t\t<div class=\"elementor-element elementor-element-82a9ab4 elementor-headline--style-highlight elementor-widget elementor-widget-animated-headline\" data-id=\"82a9ab4\" data-element_type=\"widget\" data-e-type=\"widget\" data-settings=\"{&quot;marker&quot;:&quot;underline&quot;,&quot;highlighted_text&quot;:&quot;socios&quot;,&quot;headline_style&quot;:&quot;highlight&quot;,&quot;highlight_animation_duration&quot;:1200}\" data-widget_type=\"animated-headline.default\">\n\t\t\t\t<div class=\"elementor-widget-container\">\n\t\t\t\t\t\t\t<h1 class=\"elementor-headline\">\n\t\t\t\t\t<span class=\"elementor-headline-plain-text elementor-headline-text-wrapper\">Nuestros<\/span>\n\t\t\t\t<span class=\"elementor-headline-dynamic-wrapper elementor-headline-text-wrapper\">\n\t\t\t\t\t<span class=\"elementor-headline-dynamic-text elementor-headline-text-active\">socios<\/span>\n\t\t\t\t<\/span>\n\t\t\t\t<\/h1>\n\t\t\t\t\t\t<\/div>\n\t\t\t\t<\/div>\n\t\t\t\t\t<\/div>\n\t\t\t\t<\/div>\n\t\t<div class=\"elementor-element elementor-element-82f494e e-flex e-con-boxed e-con e-child\" data-id=\"82f494e\" data-element_type=\"container\" data-e-type=\"container\">\n\t\t\t\t\t<div class=\"e-con-inner\">\n\t\t<div class=\"elementor-element elementor-element-66a8ada e-flex e-con-boxed e-con e-child\" data-id=\"66a8ada\" data-element_type=\"container\" data-e-type=\"container\" data-settings=\"{&quot;background_background&quot;:&quot;classic&quot;}\">\n\t\t\t\t\t<div class=\"e-con-inner\">\n\t\t\t\t<div class=\"elementor-element elementor-element-26b5cc6 elementor-widget elementor-widget-image\" data-id=\"26b5cc6\" data-element_type=\"widget\" data-e-type=\"widget\" data-widget_type=\"image.default\">\n\t\t\t\t<div class=\"elementor-widget-container\">\n\t\t\t\t\t\t\t\t\t\t\t\t\t\t\t<img decoding=\"async\" width=\"310\" height=\"99\" src=\"https:\/\/info.viviarto.com\/wp-content\/uploads\/2024\/04\/Logo-monstagededanse-1.png\" class=\"attachment-large size-large wp-image-73684\" alt=\"\" srcset=\"https:\/\/info.viviarto.com\/wp-content\/uploads\/2024\/04\/Logo-monstagededanse-1.png 310w, https:\/\/info.viviarto.com\/wp-content\/uploads\/2024\/04\/Logo-monstagededanse-1-300x96.png 300w, https:\/\/info.viviarto.com\/wp-content\/uploads\/2024\/04\/Logo-monstagededanse-1-180x57.png 180w\" sizes=\"(max-width: 310px) 100vw, 310px\" \/>\t\t\t\t\t\t\t\t\t\t\t\t\t\t\t<\/div>\n\t\t\t\t<\/div>\n\t\t<div class=\"elementor-element elementor-element-844a193 e-flex e-con-boxed e-con e-child\" data-id=\"844a193\" data-element_type=\"container\" data-e-type=\"container\">\n\t\t\t\t\t<div class=\"e-con-inner\">\n\t\t\t\t<div class=\"elementor-element elementor-element-c338998 elementor-widget elementor-widget-heading\" data-id=\"c338998\" data-element_type=\"widget\" data-e-type=\"widget\" data-widget_type=\"heading.default\">\n\t\t\t\t<div class=\"elementor-widget-container\">\n\t\t\t\t\t<h2 class=\"elementor-heading-title elementor-size-default\">Mon stage de danse<\/h2>\t\t\t\t<\/div>\n\t\t\t\t<\/div>\n\t\t\t\t<div class=\"elementor-element elementor-element-78f3d3b elementor-widget elementor-widget-text-editor\" data-id=\"78f3d3b\" data-element_type=\"widget\" data-e-type=\"widget\" data-widget_type=\"text-editor.default\">\n\t\t\t\t<div class=\"elementor-widget-container\">\n\t\t\t\t\t\t\t\t\t<p><a href=\"https:\/\/www.monstagededanse.com\/\">monstagededanse.com<\/a> la \u00fanica plataforma que promociona stages de danza en toda Francia.<br data-start=\"117\" data-end=\"120\" data-is-only-node=\"\" \/>Puedes publicar tus stages online de forma gratuita.<\/p>\t\t\t\t\t\t\t\t<\/div>\n\t\t\t\t<\/div>\n\t\t\t\t\t<\/div>\n\t\t\t\t<\/div>\n\t\t\t\t\t<\/div>\n\t\t\t\t<\/div>\n\t\t<div class=\"elementor-element elementor-element-f64fc6a e-flex e-con-boxed e-con e-child\" data-id=\"f64fc6a\" data-element_type=\"container\" data-e-type=\"container\" data-settings=\"{&quot;background_background&quot;:&quot;classic&quot;}\">\n\t\t\t\t\t<div class=\"e-con-inner\">\n\t\t\t\t<div class=\"elementor-element elementor-element-938622c elementor-widget elementor-widget-image\" data-id=\"938622c\" data-element_type=\"widget\" data-e-type=\"widget\" data-widget_type=\"image.default\">\n\t\t\t\t<div class=\"elementor-widget-container\">\n\t\t\t\t\t\t\t\t\t\t\t\t\t\t\t<img decoding=\"async\" width=\"226\" height=\"123\" src=\"https:\/\/info.viviarto.com\/wp-content\/uploads\/2024\/04\/villagebyCA.png\" class=\"attachment-large size-large wp-image-73685\" alt=\"\" srcset=\"https:\/\/info.viviarto.com\/wp-content\/uploads\/2024\/04\/villagebyCA.png 226w, https:\/\/info.viviarto.com\/wp-content\/uploads\/2024\/04\/villagebyCA-180x98.png 180w\" sizes=\"(max-width: 226px) 100vw, 226px\" \/>\t\t\t\t\t\t\t\t\t\t\t\t\t\t\t<\/div>\n\t\t\t\t<\/div>\n\t\t<div class=\"elementor-element elementor-element-cb047a8 e-flex e-con-boxed e-con e-child\" data-id=\"cb047a8\" data-element_type=\"container\" data-e-type=\"container\">\n\t\t\t\t\t<div class=\"e-con-inner\">\n\t\t\t\t<div class=\"elementor-element elementor-element-ca31c3e elementor-widget elementor-widget-heading\" data-id=\"ca31c3e\" data-element_type=\"widget\" data-e-type=\"widget\" data-widget_type=\"heading.default\">\n\t\t\t\t<div class=\"elementor-widget-container\">\n\t\t\t\t\t<h2 class=\"elementor-heading-title elementor-size-default\">Le Village by CA<\/h2>\t\t\t\t<\/div>\n\t\t\t\t<\/div>\n\t\t\t\t<div class=\"elementor-element elementor-element-0fba2c1 elementor-widget elementor-widget-text-editor\" data-id=\"0fba2c1\" data-element_type=\"widget\" data-e-type=\"widget\" data-widget_type=\"text-editor.default\">\n\t\t\t\t<div class=\"elementor-widget-container\">\n\t\t\t\t\t\t\t\t\t<p>Impulsado por la Caisse R\u00e9gionale du Cr\u00e9dit-Agricole, le Village by CA Languedoc\u00a0dinamiza la econom\u00eda del territorio apoyando la innovaci\u00f3n a nivel local.<\/p>\t\t\t\t\t\t\t\t<\/div>\n\t\t\t\t<\/div>\n\t\t\t\t\t<\/div>\n\t\t\t\t<\/div>\n\t\t\t\t\t<\/div>\n\t\t\t\t<\/div>\n\t\t<div class=\"elementor-element elementor-element-55fbb6f e-flex e-con-boxed e-con e-child\" data-id=\"55fbb6f\" data-element_type=\"container\" data-e-type=\"container\" data-settings=\"{&quot;background_background&quot;:&quot;classic&quot;}\">\n\t\t\t\t\t<div class=\"e-con-inner\">\n\t\t\t\t<div class=\"elementor-element elementor-element-2f87fd2 elementor-widget elementor-widget-image\" data-id=\"2f87fd2\" data-element_type=\"widget\" data-e-type=\"widget\" data-widget_type=\"image.default\">\n\t\t\t\t<div class=\"elementor-widget-container\">\n\t\t\t\t\t\t\t\t\t\t\t\t\t\t\t<img decoding=\"async\" width=\"236\" height=\"106\" src=\"https:\/\/info.viviarto.com\/wp-content\/uploads\/2024\/04\/regionoccitanie.png\" class=\"attachment-large size-large wp-image-73686\" alt=\"\" srcset=\"https:\/\/info.viviarto.com\/wp-content\/uploads\/2024\/04\/regionoccitanie.png 236w, https:\/\/info.viviarto.com\/wp-content\/uploads\/2024\/04\/regionoccitanie-180x81.png 180w\" sizes=\"(max-width: 236px) 100vw, 236px\" \/>\t\t\t\t\t\t\t\t\t\t\t\t\t\t\t<\/div>\n\t\t\t\t<\/div>\n\t\t<div class=\"elementor-element elementor-element-978237f e-flex e-con-boxed e-con e-child\" data-id=\"978237f\" data-element_type=\"container\" data-e-type=\"container\">\n\t\t\t\t\t<div class=\"e-con-inner\">\n\t\t\t\t<div class=\"elementor-element elementor-element-81b42ba elementor-widget elementor-widget-heading\" data-id=\"81b42ba\" data-element_type=\"widget\" data-e-type=\"widget\" data-widget_type=\"heading.default\">\n\t\t\t\t<div class=\"elementor-widget-container\">\n\t\t\t\t\t<h2 class=\"elementor-heading-title elementor-size-default\">La r\u00e9gion Occitanie<\/h2>\t\t\t\t<\/div>\n\t\t\t\t<\/div>\n\t\t\t\t<div class=\"elementor-element elementor-element-ba49695 elementor-widget elementor-widget-text-editor\" data-id=\"ba49695\" data-element_type=\"widget\" data-e-type=\"widget\" data-widget_type=\"text-editor.default\">\n\t\t\t\t<div class=\"elementor-widget-container\">\n\t\t\t\t\t\t\t\t\t<p>La R\u00e9gion Occitanie apoya la econom\u00eda regional y acompa\u00f1a a las empresas del territorio para afrontar los desaf\u00edos del ma\u00f1ana.<\/p>\t\t\t\t\t\t\t\t<\/div>\n\t\t\t\t<\/div>\n\t\t\t\t\t<\/div>\n\t\t\t\t<\/div>\n\t\t\t\t\t<\/div>\n\t\t\t\t<\/div>\n\t\t\t\t\t<\/div>\n\t\t\t\t<\/div>\n\t\t\t\t\t<\/div>\n\t\t\t\t<\/div>\n\t\t<div class=\"elementor-element elementor-element-40cda00 e-flex e-con-boxed e-con e-parent\" data-id=\"40cda00\" data-element_type=\"container\" data-e-type=\"container\">\n\t\t\t\t\t<div class=\"e-con-inner\">\n\t\t\t\t<div class=\"elementor-element elementor-element-fc0f3f7 elementor-widget elementor-widget-spacer\" data-id=\"fc0f3f7\" data-element_type=\"widget\" data-e-type=\"widget\" data-widget_type=\"spacer.default\">\n\t\t\t\t<div class=\"elementor-widget-container\">\n\t\t\t\t\t\t\t<div class=\"elementor-spacer\">\n\t\t\t<div class=\"elementor-spacer-inner\"><\/div>\n\t\t<\/div>\n\t\t\t\t\t\t<\/div>\n\t\t\t\t<\/div>\n\t\t\t\t\t<\/div>\n\t\t\t\t<\/div>\n\t\t\t\t<\/div>\n\t\t","protected":false},"excerpt":{"rendered":"<p>Nuestros socios Mon stage de danse monstagededanse.com la \u00fanica plataforma que promociona stages de danza en toda Francia.Puedes publicar tus stages online de forma gratuita. Le Village by CA Impulsado por la Caisse R\u00e9gionale du Cr\u00e9dit-Agricole, le Village by CA Languedoc\u00a0dinamiza la econom\u00eda del territorio apoyando la innovaci\u00f3n a nivel local. La r\u00e9gion Occitanie La [&hellip;]<\/p>\n","protected":false},"author":7,"featured_media":0,"parent":0,"menu_order":0,"comment_status":"closed","ping_status":"closed","template":"","meta":{"content-type":"","footnotes":""},"class_list":["post-73683","page","type-page","status-publish","hentry"],"yoast_head":"<!-- This site is optimized with the Yoast SEO plugin v27.3 - https:\/\/yoast.com\/product\/yoast-seo-wordpress\/ -->\n<title>Socios - Viviarto Pro<\/title>\n<meta name=\"robots\" content=\"index, follow, max-snippet:-1, max-image-preview:large, max-video-preview:-1\" \/>\n<link rel=\"canonical\" href=\"https:\/\/info.viviarto.com\/es\/socios\/\" \/>\n<meta property=\"og:locale\" content=\"es_ES\" \/>\n<meta property=\"og:type\" content=\"article\" \/>\n<meta property=\"og:title\" content=\"Socios - Viviarto Pro\" \/>\n<meta property=\"og:description\" content=\"Nuestros socios Mon stage de danse monstagededanse.com la \u00fanica plataforma que promociona stages de danza en toda Francia.Puedes publicar tus stages online de forma gratuita. Le Village by CA Impulsado por la Caisse R\u00e9gionale du Cr\u00e9dit-Agricole, le Village by CA Languedoc\u00a0dinamiza la econom\u00eda del territorio apoyando la innovaci\u00f3n a nivel local. La r\u00e9gion Occitanie La [&hellip;]\" \/>\n<meta property=\"og:url\" content=\"https:\/\/info.viviarto.com\/es\/socios\/\" \/>\n<meta property=\"og:site_name\" content=\"Viviarto Pro\" \/>\n<meta property=\"article:publisher\" content=\"https:\/\/fr-fr.facebook.com\/viviarto\/\" \/>\n<meta property=\"article:modified_time\" content=\"2026-02-22T13:45:00+00:00\" \/>\n<meta property=\"og:image\" content=\"https:\/\/info.viviarto.com\/wp-content\/uploads\/2024\/04\/Logo-monstagededanse-1.png\" \/>\n\t<meta property=\"og:image:width\" content=\"310\" \/>\n\t<meta property=\"og:image:height\" content=\"99\" \/>\n\t<meta property=\"og:image:type\" content=\"image\/png\" \/>\n<meta name=\"twitter:card\" content=\"summary_large_image\" \/>\n<meta name=\"twitter:label1\" content=\"Tiempo de lectura\" \/>\n\t<meta name=\"twitter:data1\" content=\"1 minuto\" \/>\n<script type=\"application\/ld+json\" class=\"yoast-schema-graph\">{\"@context\":\"https:\\\/\\\/schema.org\",\"@graph\":[{\"@type\":[\"Article\",\"BlogPosting\"],\"@id\":\"https:\\\/\\\/info.viviarto.com\\\/es\\\/socios\\\/#article\",\"isPartOf\":{\"@id\":\"https:\\\/\\\/info.viviarto.com\\\/es\\\/socios\\\/\"},\"author\":{\"name\":\"claire@orizondigital.fr\",\"@id\":\"https:\\\/\\\/info.viviarto.com\\\/es\\\/#\\\/schema\\\/person\\\/09a55ddf334fdc2dd0fa38c78ca10ace\"},\"headline\":\"Socios\",\"datePublished\":\"2024-04-08T07:28:12+00:00\",\"dateModified\":\"2026-02-22T13:45:00+00:00\",\"mainEntityOfPage\":{\"@id\":\"https:\\\/\\\/info.viviarto.com\\\/es\\\/socios\\\/\"},\"wordCount\":88,\"publisher\":{\"@id\":\"https:\\\/\\\/info.viviarto.com\\\/es\\\/#organization\"},\"image\":{\"@id\":\"https:\\\/\\\/info.viviarto.com\\\/es\\\/socios\\\/#primaryimage\"},\"thumbnailUrl\":\"https:\\\/\\\/info.viviarto.com\\\/wp-content\\\/uploads\\\/2024\\\/04\\\/Logo-monstagededanse-1.png\",\"inLanguage\":\"es\"},{\"@type\":\"WebPage\",\"@id\":\"https:\\\/\\\/info.viviarto.com\\\/es\\\/socios\\\/\",\"url\":\"https:\\\/\\\/info.viviarto.com\\\/es\\\/socios\\\/\",\"name\":\"Socios - Viviarto Pro\",\"isPartOf\":{\"@id\":\"https:\\\/\\\/info.viviarto.com\\\/es\\\/#website\"},\"primaryImageOfPage\":{\"@id\":\"https:\\\/\\\/info.viviarto.com\\\/es\\\/socios\\\/#primaryimage\"},\"image\":{\"@id\":\"https:\\\/\\\/info.viviarto.com\\\/es\\\/socios\\\/#primaryimage\"},\"thumbnailUrl\":\"https:\\\/\\\/info.viviarto.com\\\/wp-content\\\/uploads\\\/2024\\\/04\\\/Logo-monstagededanse-1.png\",\"datePublished\":\"2024-04-08T07:28:12+00:00\",\"dateModified\":\"2026-02-22T13:45:00+00:00\",\"breadcrumb\":{\"@id\":\"https:\\\/\\\/info.viviarto.com\\\/es\\\/socios\\\/#breadcrumb\"},\"inLanguage\":\"es\",\"potentialAction\":[{\"@type\":\"ReadAction\",\"target\":[\"https:\\\/\\\/info.viviarto.com\\\/es\\\/socios\\\/\"]}]},{\"@type\":\"ImageObject\",\"inLanguage\":\"es\",\"@id\":\"https:\\\/\\\/info.viviarto.com\\\/es\\\/socios\\\/#primaryimage\",\"url\":\"https:\\\/\\\/info.viviarto.com\\\/wp-content\\\/uploads\\\/2024\\\/04\\\/Logo-monstagededanse-1.png\",\"contentUrl\":\"https:\\\/\\\/info.viviarto.com\\\/wp-content\\\/uploads\\\/2024\\\/04\\\/Logo-monstagededanse-1.png\"},{\"@type\":\"BreadcrumbList\",\"@id\":\"https:\\\/\\\/info.viviarto.com\\\/es\\\/socios\\\/#breadcrumb\",\"itemListElement\":[{\"@type\":\"ListItem\",\"position\":1,\"name\":\"Accueil\",\"item\":\"https:\\\/\\\/info.viviarto.com\\\/es\\\/\"},{\"@type\":\"ListItem\",\"position\":2,\"name\":\"Socios\"}]},{\"@type\":\"WebSite\",\"@id\":\"https:\\\/\\\/info.viviarto.com\\\/es\\\/#website\",\"url\":\"https:\\\/\\\/info.viviarto.com\\\/es\\\/\",\"name\":\"Viviarto Pro\",\"description\":\"Planning et logiciel de gestion pour les pratiques artistiques, sportives et manuelles\",\"publisher\":{\"@id\":\"https:\\\/\\\/info.viviarto.com\\\/es\\\/#organization\"},\"potentialAction\":[{\"@type\":\"SearchAction\",\"target\":{\"@type\":\"EntryPoint\",\"urlTemplate\":\"https:\\\/\\\/info.viviarto.com\\\/es\\\/?s={search_term_string}\"},\"query-input\":{\"@type\":\"PropertyValueSpecification\",\"valueRequired\":true,\"valueName\":\"search_term_string\"}}],\"inLanguage\":\"es\"},{\"@type\":\"Organization\",\"@id\":\"https:\\\/\\\/info.viviarto.com\\\/es\\\/#organization\",\"name\":\"Viviarto Pro\",\"url\":\"https:\\\/\\\/info.viviarto.com\\\/es\\\/\",\"logo\":{\"@type\":\"ImageObject\",\"inLanguage\":\"es\",\"@id\":\"https:\\\/\\\/info.viviarto.com\\\/es\\\/#\\\/schema\\\/logo\\\/image\\\/\",\"url\":\"https:\\\/\\\/info.viviarto.com\\\/wp-content\\\/uploads\\\/2022\\\/08\\\/LOGO_VIVIARTO_RVB-2.png\",\"contentUrl\":\"https:\\\/\\\/info.viviarto.com\\\/wp-content\\\/uploads\\\/2022\\\/08\\\/LOGO_VIVIARTO_RVB-2.png\",\"width\":611,\"height\":100,\"caption\":\"Viviarto Pro\"},\"image\":{\"@id\":\"https:\\\/\\\/info.viviarto.com\\\/es\\\/#\\\/schema\\\/logo\\\/image\\\/\"},\"sameAs\":[\"https:\\\/\\\/fr-fr.facebook.com\\\/viviarto\\\/\",\"https:\\\/\\\/www.instagram.com\\\/viviarto\\\/?hl=fr\"]},{\"@type\":\"Person\",\"@id\":\"https:\\\/\\\/info.viviarto.com\\\/es\\\/#\\\/schema\\\/person\\\/09a55ddf334fdc2dd0fa38c78ca10ace\",\"name\":\"claire@orizondigital.fr\",\"image\":{\"@type\":\"ImageObject\",\"inLanguage\":\"es\",\"@id\":\"https:\\\/\\\/secure.gravatar.com\\\/avatar\\\/5083ff7626f9d2a648885a1629c8735369abf7f22c68392852604ce97a4d7633?s=96&d=mm&r=g\",\"url\":\"https:\\\/\\\/secure.gravatar.com\\\/avatar\\\/5083ff7626f9d2a648885a1629c8735369abf7f22c68392852604ce97a4d7633?s=96&d=mm&r=g\",\"contentUrl\":\"https:\\\/\\\/secure.gravatar.com\\\/avatar\\\/5083ff7626f9d2a648885a1629c8735369abf7f22c68392852604ce97a4d7633?s=96&d=mm&r=g\",\"caption\":\"claire@orizondigital.fr\"}}]}<\/script>\n<!-- \/ Yoast SEO plugin. -->","yoast_head_json":{"title":"Socios - Viviarto Pro","robots":{"index":"index","follow":"follow","max-snippet":"max-snippet:-1","max-image-preview":"max-image-preview:large","max-video-preview":"max-video-preview:-1"},"canonical":"https:\/\/info.viviarto.com\/es\/socios\/","og_locale":"es_ES","og_type":"article","og_title":"Socios - Viviarto Pro","og_description":"Nuestros socios Mon stage de danse monstagededanse.com la \u00fanica plataforma que promociona stages de danza en toda Francia.Puedes publicar tus stages online de forma gratuita. Le Village by CA Impulsado por la Caisse R\u00e9gionale du Cr\u00e9dit-Agricole, le Village by CA Languedoc\u00a0dinamiza la econom\u00eda del territorio apoyando la innovaci\u00f3n a nivel local. La r\u00e9gion Occitanie La [&hellip;]","og_url":"https:\/\/info.viviarto.com\/es\/socios\/","og_site_name":"Viviarto Pro","article_publisher":"https:\/\/fr-fr.facebook.com\/viviarto\/","article_modified_time":"2026-02-22T13:45:00+00:00","og_image":[{"width":310,"height":99,"url":"https:\/\/info.viviarto.com\/wp-content\/uploads\/2024\/04\/Logo-monstagededanse-1.png","type":"image\/png"}],"twitter_card":"summary_large_image","twitter_misc":{"Tiempo de lectura":"1 minuto"},"schema":{"@context":"https:\/\/schema.org","@graph":[{"@type":["Article","BlogPosting"],"@id":"https:\/\/info.viviarto.com\/es\/socios\/#article","isPartOf":{"@id":"https:\/\/info.viviarto.com\/es\/socios\/"},"author":{"name":"claire@orizondigital.fr","@id":"https:\/\/info.viviarto.com\/es\/#\/schema\/person\/09a55ddf334fdc2dd0fa38c78ca10ace"},"headline":"Socios","datePublished":"2024-04-08T07:28:12+00:00","dateModified":"2026-02-22T13:45:00+00:00","mainEntityOfPage":{"@id":"https:\/\/info.viviarto.com\/es\/socios\/"},"wordCount":88,"publisher":{"@id":"https:\/\/info.viviarto.com\/es\/#organization"},"image":{"@id":"https:\/\/info.viviarto.com\/es\/socios\/#primaryimage"},"thumbnailUrl":"https:\/\/info.viviarto.com\/wp-content\/uploads\/2024\/04\/Logo-monstagededanse-1.png","inLanguage":"es"},{"@type":"WebPage","@id":"https:\/\/info.viviarto.com\/es\/socios\/","url":"https:\/\/info.viviarto.com\/es\/socios\/","name":"Socios - Viviarto Pro","isPartOf":{"@id":"https:\/\/info.viviarto.com\/es\/#website"},"primaryImageOfPage":{"@id":"https:\/\/info.viviarto.com\/es\/socios\/#primaryimage"},"image":{"@id":"https:\/\/info.viviarto.com\/es\/socios\/#primaryimage"},"thumbnailUrl":"https:\/\/info.viviarto.com\/wp-content\/uploads\/2024\/04\/Logo-monstagededanse-1.png","datePublished":"2024-04-08T07:28:12+00:00","dateModified":"2026-02-22T13:45:00+00:00","breadcrumb":{"@id":"https:\/\/info.viviarto.com\/es\/socios\/#breadcrumb"},"inLanguage":"es","potentialAction":[{"@type":"ReadAction","target":["https:\/\/info.viviarto.com\/es\/socios\/"]}]},{"@type":"ImageObject","inLanguage":"es","@id":"https:\/\/info.viviarto.com\/es\/socios\/#primaryimage","url":"https:\/\/info.viviarto.com\/wp-content\/uploads\/2024\/04\/Logo-monstagededanse-1.png","contentUrl":"https:\/\/info.viviarto.com\/wp-content\/uploads\/2024\/04\/Logo-monstagededanse-1.png"},{"@type":"BreadcrumbList","@id":"https:\/\/info.viviarto.com\/es\/socios\/#breadcrumb","itemListElement":[{"@type":"ListItem","position":1,"name":"Accueil","item":"https:\/\/info.viviarto.com\/es\/"},{"@type":"ListItem","position":2,"name":"Socios"}]},{"@type":"WebSite","@id":"https:\/\/info.viviarto.com\/es\/#website","url":"https:\/\/info.viviarto.com\/es\/","name":"Viviarto Pro","description":"Planning et logiciel de gestion pour les pratiques artistiques, sportives et manuelles","publisher":{"@id":"https:\/\/info.viviarto.com\/es\/#organization"},"potentialAction":[{"@type":"SearchAction","target":{"@type":"EntryPoint","urlTemplate":"https:\/\/info.viviarto.com\/es\/?s={search_term_string}"},"query-input":{"@type":"PropertyValueSpecification","valueRequired":true,"valueName":"search_term_string"}}],"inLanguage":"es"},{"@type":"Organization","@id":"https:\/\/info.viviarto.com\/es\/#organization","name":"Viviarto Pro","url":"https:\/\/info.viviarto.com\/es\/","logo":{"@type":"ImageObject","inLanguage":"es","@id":"https:\/\/info.viviarto.com\/es\/#\/schema\/logo\/image\/","url":"https:\/\/info.viviarto.com\/wp-content\/uploads\/2022\/08\/LOGO_VIVIARTO_RVB-2.png","contentUrl":"https:\/\/info.viviarto.com\/wp-content\/uploads\/2022\/08\/LOGO_VIVIARTO_RVB-2.png","width":611,"height":100,"caption":"Viviarto Pro"},"image":{"@id":"https:\/\/info.viviarto.com\/es\/#\/schema\/logo\/image\/"},"sameAs":["https:\/\/fr-fr.facebook.com\/viviarto\/","https:\/\/www.instagram.com\/viviarto\/?hl=fr"]},{"@type":"Person","@id":"https:\/\/info.viviarto.com\/es\/#\/schema\/person\/09a55ddf334fdc2dd0fa38c78ca10ace","name":"claire@orizondigital.fr","image":{"@type":"ImageObject","inLanguage":"es","@id":"https:\/\/secure.gravatar.com\/avatar\/5083ff7626f9d2a648885a1629c8735369abf7f22c68392852604ce97a4d7633?s=96&d=mm&r=g","url":"https:\/\/secure.gravatar.com\/avatar\/5083ff7626f9d2a648885a1629c8735369abf7f22c68392852604ce97a4d7633?s=96&d=mm&r=g","contentUrl":"https:\/\/secure.gravatar.com\/avatar\/5083ff7626f9d2a648885a1629c8735369abf7f22c68392852604ce97a4d7633?s=96&d=mm&r=g","caption":"claire@orizondigital.fr"}}]}},"_links":{"self":[{"href":"https:\/\/info.viviarto.com\/es\/wp-json\/wp\/v2\/pages\/73683","targetHints":{"allow":["GET"]}}],"collection":[{"href":"https:\/\/info.viviarto.com\/es\/wp-json\/wp\/v2\/pages"}],"about":[{"href":"https:\/\/info.viviarto.com\/es\/wp-json\/wp\/v2\/types\/page"}],"author":[{"embeddable":true,"href":"https:\/\/info.viviarto.com\/es\/wp-json\/wp\/v2\/users\/7"}],"replies":[{"embeddable":true,"href":"https:\/\/info.viviarto.com\/es\/wp-json\/wp\/v2\/comments?post=73683"}],"version-history":[{"count":7,"href":"https:\/\/info.viviarto.com\/es\/wp-json\/wp\/v2\/pages\/73683\/revisions"}],"predecessor-version":[{"id":73693,"href":"https:\/\/info.viviarto.com\/es\/wp-json\/wp\/v2\/pages\/73683\/revisions\/73693"}],"wp:attachment":[{"href":"https:\/\/info.viviarto.com\/es\/wp-json\/wp\/v2\/media?parent=73683"}],"curies":[{"name":"wp","href":"https:\/\/api.w.org\/{rel}","templated":true}]}}