{"id":73534,"date":"2022-11-23T11:10:47","date_gmt":"2022-11-23T11:10:47","guid":{"rendered":"https:\/\/info.viviarto.com\/mentions-legales\/"},"modified":"2026-02-19T18:08:34","modified_gmt":"2026-02-19T18:08:34","slug":"informacion-juridica","status":"publish","type":"page","link":"https:\/\/info.viviarto.com\/es\/informacion-juridica\/","title":{"rendered":"Informaci\u00f3n jur\u00eddica"},"content":{"rendered":"\t\t<div data-elementor-type=\"wp-page\" data-elementor-id=\"73534\" class=\"elementor elementor-73534 elementor-71286\" data-elementor-post-type=\"page\">\n\t\t\t\t<div class=\"elementor-element elementor-element-b4c373d e-flex e-con-boxed e-con e-parent\" data-id=\"b4c373d\" data-element_type=\"container\" data-e-type=\"container\" data-settings=\"{&quot;background_background&quot;:&quot;classic&quot;}\">\n\t\t\t\t\t<div class=\"e-con-inner\">\n\t\t<div class=\"elementor-element elementor-element-c7ea12d e-con-full e-flex e-con e-child\" data-id=\"c7ea12d\" data-element_type=\"container\" data-e-type=\"container\">\n\t\t\t\t<div class=\"elementor-element elementor-element-6ce93a4 elementor-widget elementor-widget-heading\" data-id=\"6ce93a4\" data-element_type=\"widget\" data-e-type=\"widget\" data-widget_type=\"heading.default\">\n\t\t\t\t<div class=\"elementor-widget-container\">\n\t\t\t\t\t<h1 class=\"elementor-heading-title elementor-size-default\">Informaci\u00f3n jur\u00eddica<\/h1>\t\t\t\t<\/div>\n\t\t\t\t<\/div>\n\t\t\t\t<\/div>\n\t\t<div class=\"elementor-element elementor-element-8e6b1df e-con-full e-flex e-con e-child\" data-id=\"8e6b1df\" data-element_type=\"container\" data-e-type=\"container\">\n\t\t\t\t<\/div>\n\t\t\t\t\t<\/div>\n\t\t\t\t<\/div>\n\t\t<div class=\"elementor-element elementor-element-0dce391 e-flex e-con-boxed e-con e-parent\" data-id=\"0dce391\" data-element_type=\"container\" data-e-type=\"container\">\n\t\t\t\t\t<div class=\"e-con-inner\">\n\t\t\t\t<div class=\"elementor-element elementor-element-120e610 elementor-widget elementor-widget-heading\" data-id=\"120e610\" data-element_type=\"widget\" data-e-type=\"widget\" data-widget_type=\"heading.default\">\n\t\t\t\t<div class=\"elementor-widget-container\">\n\t\t\t\t\t<h4 class=\"elementor-heading-title elementor-size-default\">Introducci\u00f3n<\/h4>\t\t\t\t<\/div>\n\t\t\t\t<\/div>\n\t\t\t\t<div class=\"elementor-element elementor-element-689a739 elementor-widget elementor-widget-text-editor\" data-id=\"689a739\" data-element_type=\"widget\" data-e-type=\"widget\" data-widget_type=\"text-editor.default\">\n\t\t\t\t<div class=\"elementor-widget-container\">\n\t\t\t\t\t\t\t\t\t<p>En aplicaci\u00f3n de la Ley 2000-719 de 1 de agosto de 2000 relativa a la libertad de comunicaci\u00f3n, a continuaci\u00f3n encontrar\u00e1 la informaci\u00f3n legal referente al sitio <a href=\"https:\/\/info.viviarto.com\/es\/\">https:\/\/info.viviarto.com\/es\/<\/a><\/p><p>Viviarto Pro (https:\/\/info.viviarto.com\/es\/) es propiedad de la sociedad VIVIARTO SAS, n.\u00ba SIRET 834 123 457 00030.<\/p>\t\t\t\t\t\t\t\t<\/div>\n\t\t\t\t<\/div>\n\t\t\t\t<div class=\"elementor-element elementor-element-6fdabed elementor-widget elementor-widget-heading\" data-id=\"6fdabed\" data-element_type=\"widget\" data-e-type=\"widget\" data-widget_type=\"heading.default\">\n\t\t\t\t<div class=\"elementor-widget-container\">\n\t\t\t\t\t<h4 class=\"elementor-heading-title elementor-size-default\">Gesti\u00f3n editorial y alojamiento<\/h4>\t\t\t\t<\/div>\n\t\t\t\t<\/div>\n\t\t\t\t<div class=\"elementor-element elementor-element-510f69d elementor-widget elementor-widget-text-editor\" data-id=\"510f69d\" data-element_type=\"widget\" data-e-type=\"widget\" data-widget_type=\"text-editor.default\">\n\t\t\t\t<div class=\"elementor-widget-container\">\n\t\t\t\t\t\t\t\t\t<p>La gesti\u00f3n editorial del sitio <a href=\"https:\/\/info.viviarto.com\/es\/\">https:\/\/info.viviarto.com\/es\/<\/a> est\u00e1 a cargo de la sociedad VIVIARTO SAS (73 All\u00e9e Kleber, 34000 Montpellier, Francia) \u2013 07 81 44 78 59 \u2013 Capital social: 6.000 \u20ac.<\/p><p>El sitio <a href=\"https:\/\/info.viviarto.com\/es\/\">https:\/\/info.viviarto.com\/es\/<\/a> est\u00e1 alojado por la empresa WP Engine, 504 Lavaca St #1000, Austin, TX 78701, Estados Unidos.<\/p>\t\t\t\t\t\t\t\t<\/div>\n\t\t\t\t<\/div>\n\t\t\t\t<div class=\"elementor-element elementor-element-8c39c96 elementor-widget elementor-widget-heading\" data-id=\"8c39c96\" data-element_type=\"widget\" data-e-type=\"widget\" data-widget_type=\"heading.default\">\n\t\t\t\t<div class=\"elementor-widget-container\">\n\t\t\t\t\t<h4 class=\"elementor-heading-title elementor-size-default\">Protecci\u00f3n de datos personales y cookies<\/h4>\t\t\t\t<\/div>\n\t\t\t\t<\/div>\n\t\t\t\t<div class=\"elementor-element elementor-element-fa28b9a elementor-widget elementor-widget-text-editor\" data-id=\"fa28b9a\" data-element_type=\"widget\" data-e-type=\"widget\" data-widget_type=\"text-editor.default\">\n\t\t\t\t<div class=\"elementor-widget-container\">\n\t\t\t\t\t\t\t\t\t<p>La protecci\u00f3n de los datos personales constituye un aspecto fundamental en la confianza que nuestros usuarios depositan en nosotros. Es una prioridad para https:\/\/info.viviarto.com\/es\/ y nos comprometemos a preservar la confidencialidad de la informaci\u00f3n que puedan facilitarnos los usuarios de Viviarto.<\/p><p>Los datos personales de los usuarios del sitio https:\/\/info.viviarto.com\/es\/ est\u00e1n protegidos por la declaraci\u00f3n ante la CNIL n.\u00ba 1819173 v 0 obtenida por VIVIARTO SAS.<\/p><p>Cuando usted crea una cuenta, reserva un taller, compra un art\u00edculo, navega por https:\/\/info.viviarto.com\/es\/ o nos env\u00eda una reclamaci\u00f3n, la sociedad VIVIARTO SAS, responsable del tratamiento, recopila determinados datos con el fin de responder a sus necesidades y mejorar la calidad de los servicios ofrecidos.<\/p><p>Toda informaci\u00f3n personal est\u00e1 sujeta a las disposiciones de la Ley francesa \u00abInformatique et Libert\u00e9s\u00bb n.\u00ba 78-17 de 6 de enero de 1978 (art. 34), modificada en 2004. En este sentido, usted dispone del derecho de acceso, modificaci\u00f3n, rectificaci\u00f3n y supresi\u00f3n de sus datos personales. Puede ejercer estos derechos en cualquier momento contactando a: <a href=\"mailto:contact@viviarto.com\">contact@viviarto.com<\/a><\/p>\t\t\t\t\t\t\t\t<\/div>\n\t\t\t\t<\/div>\n\t\t\t\t<div class=\"elementor-element elementor-element-fdbe0b0 elementor-widget elementor-widget-heading\" data-id=\"fdbe0b0\" data-element_type=\"widget\" data-e-type=\"widget\" data-widget_type=\"heading.default\">\n\t\t\t\t<div class=\"elementor-widget-container\">\n\t\t\t\t\t<h4 class=\"elementor-heading-title elementor-size-default\">Marcas<\/h4>\t\t\t\t<\/div>\n\t\t\t\t<\/div>\n\t\t\t\t<div class=\"elementor-element elementor-element-4a929ab elementor-widget elementor-widget-text-editor\" data-id=\"4a929ab\" data-element_type=\"widget\" data-e-type=\"widget\" data-widget_type=\"text-editor.default\">\n\t\t\t\t<div class=\"elementor-widget-container\">\n\t\t\t\t\t\t\t\t\t<p>Todas las marcas mencionadas o utilizadas en el sitio <a href=\"https:\/\/info.viviarto.com\/\">info.viviarto.com <\/a>son propiedad de sus respectivos editores.<\/p>\t\t\t\t\t\t\t\t<\/div>\n\t\t\t\t<\/div>\n\t\t\t\t<div class=\"elementor-element elementor-element-f60a9f0 elementor-widget elementor-widget-heading\" data-id=\"f60a9f0\" data-element_type=\"widget\" data-e-type=\"widget\" data-widget_type=\"heading.default\">\n\t\t\t\t<div class=\"elementor-widget-container\">\n\t\t\t\t\t<h4 class=\"elementor-heading-title elementor-size-default\">Derecho de propiedad intelectual<\/h4>\t\t\t\t<\/div>\n\t\t\t\t<\/div>\n\t\t\t\t<div class=\"elementor-element elementor-element-daa7a46 elementor-widget elementor-widget-text-editor\" data-id=\"daa7a46\" data-element_type=\"widget\" data-e-type=\"widget\" data-widget_type=\"text-editor.default\">\n\t\t\t\t<div class=\"elementor-widget-container\">\n\t\t\t\t\t\t\t\t\t<p>El conjunto de este sitio est\u00e1 sujeto a la legislaci\u00f3n francesa e internacional sobre derechos de autor y propiedad intelectual.<\/p><p>Se recuerda que Viviarto es titular de su marca y de su logotipo. El usuario se compromete a no hacer ning\u00fan uso indebido de los mismos ni a vulnerar los derechos de propiedad intelectual de Viviarto. La empresa se reserva el derecho de reclamar da\u00f1os y perjuicios en caso de infracci\u00f3n o vulneraci\u00f3n de sus derechos.<\/p><p>Todos los derechos de reproducci\u00f3n est\u00e1n reservados, incluidas las representaciones iconogr\u00e1ficas y fotogr\u00e1ficas. Queda estrictamente prohibida la reproducci\u00f3n total o parcial de este sitio en cualquier soporte.<\/p>\t\t\t\t\t\t\t\t<\/div>\n\t\t\t\t<\/div>\n\t\t\t\t<div class=\"elementor-element elementor-element-6587c84 elementor-widget elementor-widget-heading\" data-id=\"6587c84\" data-element_type=\"widget\" data-e-type=\"widget\" data-widget_type=\"heading.default\">\n\t\t\t\t<div class=\"elementor-widget-container\">\n\t\t\t\t\t<h4 class=\"elementor-heading-title elementor-size-default\">Producci\u00f3n y exactitud de la informaci\u00f3n<\/h4>\t\t\t\t<\/div>\n\t\t\t\t<\/div>\n\t\t\t\t<div class=\"elementor-element elementor-element-b6bffc3 elementor-widget elementor-widget-text-editor\" data-id=\"b6bffc3\" data-element_type=\"widget\" data-e-type=\"widget\" data-widget_type=\"text-editor.default\">\n\t\t\t\t<div class=\"elementor-widget-container\">\n\t\t\t\t\t\t\t\t\t<p>Este sitio web ha sido desarrollado utilizando la soluci\u00f3n WordPress.<\/p><p>En consecuencia, Viviarto no podr\u00e1 ser considerada responsable de posibles errores o fallos que puedan producirse durante la navegaci\u00f3n y\/o utilizaci\u00f3n, ni de interrupciones o ca\u00eddas del sitio https:\/\/info.viviarto.com\/es\/<\/p><p>Viviarto pone todos los medios disponibles para ofrecer a los usuarios un contenido de calidad. No obstante, no garantiza la integridad, exhaustividad ni exactitud de la informaci\u00f3n y los servicios ofrecidos en el sitio.<\/p><p>En cualquier caso, la responsabilidad de Viviarto no podr\u00e1 ser exigida por el uso que usted haga de la informaci\u00f3n y los servicios ofrecidos y\/o por su navegaci\u00f3n en el sitio https:\/\/info.viviarto.com\/es\/<\/p>\t\t\t\t\t\t\t\t<\/div>\n\t\t\t\t<\/div>\n\t\t\t\t<div class=\"elementor-element elementor-element-e6a6159 elementor-widget elementor-widget-heading\" data-id=\"e6a6159\" data-element_type=\"widget\" data-e-type=\"widget\" data-widget_type=\"heading.default\">\n\t\t\t\t<div class=\"elementor-widget-container\">\n\t\t\t\t\t<h4 class=\"elementor-heading-title elementor-size-default\">Conceptos<\/h4>\t\t\t\t<\/div>\n\t\t\t\t<\/div>\n\t\t\t\t<div class=\"elementor-element elementor-element-be68765 elementor-widget elementor-widget-text-editor\" data-id=\"be68765\" data-element_type=\"widget\" data-e-type=\"widget\" data-widget_type=\"text-editor.default\">\n\t\t\t\t<div class=\"elementor-widget-container\">\n\t\t\t\t\t\t\t\t\t<p>El sitio <a href=\"https:\/\/info.viviarto.com\/es\/\">https:\/\/info.viviarto.com\/es\/<\/a> ha sido desarrollado por Jacques Jahnichen utilizando la soluci\u00f3n de c\u00f3digo abierto WordPress.<\/p>\t\t\t\t\t\t\t\t<\/div>\n\t\t\t\t<\/div>\n\t\t\t\t\t<\/div>\n\t\t\t\t<\/div>\n\t\t\t\t<\/div>\n\t\t","protected":false},"excerpt":{"rendered":"<p>Informaci\u00f3n jur\u00eddica Introducci\u00f3n En aplicaci\u00f3n de la Ley 2000-719 de 1 de agosto de 2000 relativa a la libertad de comunicaci\u00f3n, a continuaci\u00f3n encontrar\u00e1 la informaci\u00f3n legal referente al sitio https:\/\/info.viviarto.com\/es\/ Viviarto Pro (https:\/\/info.viviarto.com\/es\/) es propiedad de la sociedad VIVIARTO SAS, n.\u00ba SIRET 834 123 457 00030. Gesti\u00f3n editorial y alojamiento La gesti\u00f3n editorial del [&hellip;]<\/p>\n","protected":false},"author":7,"featured_media":0,"parent":0,"menu_order":0,"comment_status":"closed","ping_status":"closed","template":"","meta":{"content-type":"","footnotes":""},"class_list":["post-73534","page","type-page","status-publish","hentry"],"yoast_head":"<!-- This site is optimized with the Yoast SEO plugin v27.3 - https:\/\/yoast.com\/product\/yoast-seo-wordpress\/ -->\n<title>Informaci\u00f3n jur\u00eddica - Viviarto Pro<\/title>\n<meta name=\"robots\" content=\"noindex, follow\" \/>\n<meta property=\"og:locale\" content=\"es_ES\" \/>\n<meta property=\"og:type\" content=\"article\" \/>\n<meta property=\"og:title\" content=\"Informaci\u00f3n jur\u00eddica - Viviarto Pro\" \/>\n<meta property=\"og:description\" content=\"Informaci\u00f3n jur\u00eddica Introducci\u00f3n En aplicaci\u00f3n de la Ley 2000-719 de 1 de agosto de 2000 relativa a la libertad de comunicaci\u00f3n, a continuaci\u00f3n encontrar\u00e1 la informaci\u00f3n legal referente al sitio https:\/\/info.viviarto.com\/es\/ Viviarto Pro (https:\/\/info.viviarto.com\/es\/) es propiedad de la sociedad VIVIARTO SAS, n.\u00ba SIRET 834 123 457 00030. Gesti\u00f3n editorial y alojamiento La gesti\u00f3n editorial del [&hellip;]\" \/>\n<meta property=\"og:url\" content=\"https:\/\/info.viviarto.com\/es\/informacion-juridica\/\" \/>\n<meta property=\"og:site_name\" content=\"Viviarto Pro\" \/>\n<meta property=\"article:publisher\" content=\"https:\/\/fr-fr.facebook.com\/viviarto\/\" \/>\n<meta property=\"article:modified_time\" content=\"2026-02-19T18:08:34+00:00\" \/>\n<meta name=\"twitter:card\" content=\"summary_large_image\" \/>\n<meta name=\"twitter:label1\" content=\"Tiempo de lectura\" \/>\n\t<meta name=\"twitter:data1\" content=\"3 minutos\" \/>\n<script type=\"application\/ld+json\" class=\"yoast-schema-graph\">{\"@context\":\"https:\\\/\\\/schema.org\",\"@graph\":[{\"@type\":[\"Article\",\"BlogPosting\"],\"@id\":\"https:\\\/\\\/info.viviarto.com\\\/es\\\/informacion-juridica\\\/#article\",\"isPartOf\":{\"@id\":\"https:\\\/\\\/info.viviarto.com\\\/es\\\/informacion-juridica\\\/\"},\"author\":{\"name\":\"claire@orizondigital.fr\",\"@id\":\"https:\\\/\\\/info.viviarto.com\\\/es\\\/#\\\/schema\\\/person\\\/09a55ddf334fdc2dd0fa38c78ca10ace\"},\"headline\":\"Informaci\u00f3n jur\u00eddica\",\"datePublished\":\"2022-11-23T11:10:47+00:00\",\"dateModified\":\"2026-02-19T18:08:34+00:00\",\"mainEntityOfPage\":{\"@id\":\"https:\\\/\\\/info.viviarto.com\\\/es\\\/informacion-juridica\\\/\"},\"wordCount\":593,\"publisher\":{\"@id\":\"https:\\\/\\\/info.viviarto.com\\\/es\\\/#organization\"},\"inLanguage\":\"es\"},{\"@type\":\"WebPage\",\"@id\":\"https:\\\/\\\/info.viviarto.com\\\/es\\\/informacion-juridica\\\/\",\"url\":\"https:\\\/\\\/info.viviarto.com\\\/es\\\/informacion-juridica\\\/\",\"name\":\"Informaci\u00f3n jur\u00eddica - Viviarto Pro\",\"isPartOf\":{\"@id\":\"https:\\\/\\\/info.viviarto.com\\\/es\\\/#website\"},\"datePublished\":\"2022-11-23T11:10:47+00:00\",\"dateModified\":\"2026-02-19T18:08:34+00:00\",\"breadcrumb\":{\"@id\":\"https:\\\/\\\/info.viviarto.com\\\/es\\\/informacion-juridica\\\/#breadcrumb\"},\"inLanguage\":\"es\",\"potentialAction\":[{\"@type\":\"ReadAction\",\"target\":[\"https:\\\/\\\/info.viviarto.com\\\/es\\\/informacion-juridica\\\/\"]}]},{\"@type\":\"BreadcrumbList\",\"@id\":\"https:\\\/\\\/info.viviarto.com\\\/es\\\/informacion-juridica\\\/#breadcrumb\",\"itemListElement\":[{\"@type\":\"ListItem\",\"position\":1,\"name\":\"Accueil\",\"item\":\"https:\\\/\\\/info.viviarto.com\\\/es\\\/\"},{\"@type\":\"ListItem\",\"position\":2,\"name\":\"Informaci\u00f3n jur\u00eddica\"}]},{\"@type\":\"WebSite\",\"@id\":\"https:\\\/\\\/info.viviarto.com\\\/es\\\/#website\",\"url\":\"https:\\\/\\\/info.viviarto.com\\\/es\\\/\",\"name\":\"Viviarto Pro\",\"description\":\"Planning et logiciel de gestion pour les pratiques artistiques, sportives et manuelles\",\"publisher\":{\"@id\":\"https:\\\/\\\/info.viviarto.com\\\/es\\\/#organization\"},\"potentialAction\":[{\"@type\":\"SearchAction\",\"target\":{\"@type\":\"EntryPoint\",\"urlTemplate\":\"https:\\\/\\\/info.viviarto.com\\\/es\\\/?s={search_term_string}\"},\"query-input\":{\"@type\":\"PropertyValueSpecification\",\"valueRequired\":true,\"valueName\":\"search_term_string\"}}],\"inLanguage\":\"es\"},{\"@type\":\"Organization\",\"@id\":\"https:\\\/\\\/info.viviarto.com\\\/es\\\/#organization\",\"name\":\"Viviarto Pro\",\"url\":\"https:\\\/\\\/info.viviarto.com\\\/es\\\/\",\"logo\":{\"@type\":\"ImageObject\",\"inLanguage\":\"es\",\"@id\":\"https:\\\/\\\/info.viviarto.com\\\/es\\\/#\\\/schema\\\/logo\\\/image\\\/\",\"url\":\"https:\\\/\\\/info.viviarto.com\\\/wp-content\\\/uploads\\\/2022\\\/08\\\/LOGO_VIVIARTO_RVB-2.png\",\"contentUrl\":\"https:\\\/\\\/info.viviarto.com\\\/wp-content\\\/uploads\\\/2022\\\/08\\\/LOGO_VIVIARTO_RVB-2.png\",\"width\":611,\"height\":100,\"caption\":\"Viviarto Pro\"},\"image\":{\"@id\":\"https:\\\/\\\/info.viviarto.com\\\/es\\\/#\\\/schema\\\/logo\\\/image\\\/\"},\"sameAs\":[\"https:\\\/\\\/fr-fr.facebook.com\\\/viviarto\\\/\",\"https:\\\/\\\/www.instagram.com\\\/viviarto\\\/?hl=fr\"]},{\"@type\":\"Person\",\"@id\":\"https:\\\/\\\/info.viviarto.com\\\/es\\\/#\\\/schema\\\/person\\\/09a55ddf334fdc2dd0fa38c78ca10ace\",\"name\":\"claire@orizondigital.fr\",\"image\":{\"@type\":\"ImageObject\",\"inLanguage\":\"es\",\"@id\":\"https:\\\/\\\/secure.gravatar.com\\\/avatar\\\/5083ff7626f9d2a648885a1629c8735369abf7f22c68392852604ce97a4d7633?s=96&d=mm&r=g\",\"url\":\"https:\\\/\\\/secure.gravatar.com\\\/avatar\\\/5083ff7626f9d2a648885a1629c8735369abf7f22c68392852604ce97a4d7633?s=96&d=mm&r=g\",\"contentUrl\":\"https:\\\/\\\/secure.gravatar.com\\\/avatar\\\/5083ff7626f9d2a648885a1629c8735369abf7f22c68392852604ce97a4d7633?s=96&d=mm&r=g\",\"caption\":\"claire@orizondigital.fr\"}}]}<\/script>\n<!-- \/ Yoast SEO plugin. -->","yoast_head_json":{"title":"Informaci\u00f3n jur\u00eddica - Viviarto Pro","robots":{"index":"noindex","follow":"follow"},"og_locale":"es_ES","og_type":"article","og_title":"Informaci\u00f3n jur\u00eddica - Viviarto Pro","og_description":"Informaci\u00f3n jur\u00eddica Introducci\u00f3n En aplicaci\u00f3n de la Ley 2000-719 de 1 de agosto de 2000 relativa a la libertad de comunicaci\u00f3n, a continuaci\u00f3n encontrar\u00e1 la informaci\u00f3n legal referente al sitio https:\/\/info.viviarto.com\/es\/ Viviarto Pro (https:\/\/info.viviarto.com\/es\/) es propiedad de la sociedad VIVIARTO SAS, n.\u00ba SIRET 834 123 457 00030. Gesti\u00f3n editorial y alojamiento La gesti\u00f3n editorial del [&hellip;]","og_url":"https:\/\/info.viviarto.com\/es\/informacion-juridica\/","og_site_name":"Viviarto Pro","article_publisher":"https:\/\/fr-fr.facebook.com\/viviarto\/","article_modified_time":"2026-02-19T18:08:34+00:00","twitter_card":"summary_large_image","twitter_misc":{"Tiempo de lectura":"3 minutos"},"schema":{"@context":"https:\/\/schema.org","@graph":[{"@type":["Article","BlogPosting"],"@id":"https:\/\/info.viviarto.com\/es\/informacion-juridica\/#article","isPartOf":{"@id":"https:\/\/info.viviarto.com\/es\/informacion-juridica\/"},"author":{"name":"claire@orizondigital.fr","@id":"https:\/\/info.viviarto.com\/es\/#\/schema\/person\/09a55ddf334fdc2dd0fa38c78ca10ace"},"headline":"Informaci\u00f3n jur\u00eddica","datePublished":"2022-11-23T11:10:47+00:00","dateModified":"2026-02-19T18:08:34+00:00","mainEntityOfPage":{"@id":"https:\/\/info.viviarto.com\/es\/informacion-juridica\/"},"wordCount":593,"publisher":{"@id":"https:\/\/info.viviarto.com\/es\/#organization"},"inLanguage":"es"},{"@type":"WebPage","@id":"https:\/\/info.viviarto.com\/es\/informacion-juridica\/","url":"https:\/\/info.viviarto.com\/es\/informacion-juridica\/","name":"Informaci\u00f3n jur\u00eddica - Viviarto Pro","isPartOf":{"@id":"https:\/\/info.viviarto.com\/es\/#website"},"datePublished":"2022-11-23T11:10:47+00:00","dateModified":"2026-02-19T18:08:34+00:00","breadcrumb":{"@id":"https:\/\/info.viviarto.com\/es\/informacion-juridica\/#breadcrumb"},"inLanguage":"es","potentialAction":[{"@type":"ReadAction","target":["https:\/\/info.viviarto.com\/es\/informacion-juridica\/"]}]},{"@type":"BreadcrumbList","@id":"https:\/\/info.viviarto.com\/es\/informacion-juridica\/#breadcrumb","itemListElement":[{"@type":"ListItem","position":1,"name":"Accueil","item":"https:\/\/info.viviarto.com\/es\/"},{"@type":"ListItem","position":2,"name":"Informaci\u00f3n jur\u00eddica"}]},{"@type":"WebSite","@id":"https:\/\/info.viviarto.com\/es\/#website","url":"https:\/\/info.viviarto.com\/es\/","name":"Viviarto Pro","description":"Planning et logiciel de gestion pour les pratiques artistiques, sportives et manuelles","publisher":{"@id":"https:\/\/info.viviarto.com\/es\/#organization"},"potentialAction":[{"@type":"SearchAction","target":{"@type":"EntryPoint","urlTemplate":"https:\/\/info.viviarto.com\/es\/?s={search_term_string}"},"query-input":{"@type":"PropertyValueSpecification","valueRequired":true,"valueName":"search_term_string"}}],"inLanguage":"es"},{"@type":"Organization","@id":"https:\/\/info.viviarto.com\/es\/#organization","name":"Viviarto Pro","url":"https:\/\/info.viviarto.com\/es\/","logo":{"@type":"ImageObject","inLanguage":"es","@id":"https:\/\/info.viviarto.com\/es\/#\/schema\/logo\/image\/","url":"https:\/\/info.viviarto.com\/wp-content\/uploads\/2022\/08\/LOGO_VIVIARTO_RVB-2.png","contentUrl":"https:\/\/info.viviarto.com\/wp-content\/uploads\/2022\/08\/LOGO_VIVIARTO_RVB-2.png","width":611,"height":100,"caption":"Viviarto Pro"},"image":{"@id":"https:\/\/info.viviarto.com\/es\/#\/schema\/logo\/image\/"},"sameAs":["https:\/\/fr-fr.facebook.com\/viviarto\/","https:\/\/www.instagram.com\/viviarto\/?hl=fr"]},{"@type":"Person","@id":"https:\/\/info.viviarto.com\/es\/#\/schema\/person\/09a55ddf334fdc2dd0fa38c78ca10ace","name":"claire@orizondigital.fr","image":{"@type":"ImageObject","inLanguage":"es","@id":"https:\/\/secure.gravatar.com\/avatar\/5083ff7626f9d2a648885a1629c8735369abf7f22c68392852604ce97a4d7633?s=96&d=mm&r=g","url":"https:\/\/secure.gravatar.com\/avatar\/5083ff7626f9d2a648885a1629c8735369abf7f22c68392852604ce97a4d7633?s=96&d=mm&r=g","contentUrl":"https:\/\/secure.gravatar.com\/avatar\/5083ff7626f9d2a648885a1629c8735369abf7f22c68392852604ce97a4d7633?s=96&d=mm&r=g","caption":"claire@orizondigital.fr"}}]}},"_links":{"self":[{"href":"https:\/\/info.viviarto.com\/es\/wp-json\/wp\/v2\/pages\/73534","targetHints":{"allow":["GET"]}}],"collection":[{"href":"https:\/\/info.viviarto.com\/es\/wp-json\/wp\/v2\/pages"}],"about":[{"href":"https:\/\/info.viviarto.com\/es\/wp-json\/wp\/v2\/types\/page"}],"author":[{"embeddable":true,"href":"https:\/\/info.viviarto.com\/es\/wp-json\/wp\/v2\/users\/7"}],"replies":[{"embeddable":true,"href":"https:\/\/info.viviarto.com\/es\/wp-json\/wp\/v2\/comments?post=73534"}],"version-history":[{"count":7,"href":"https:\/\/info.viviarto.com\/es\/wp-json\/wp\/v2\/pages\/73534\/revisions"}],"predecessor-version":[{"id":73543,"href":"https:\/\/info.viviarto.com\/es\/wp-json\/wp\/v2\/pages\/73534\/revisions\/73543"}],"wp:attachment":[{"href":"https:\/\/info.viviarto.com\/es\/wp-json\/wp\/v2\/media?parent=73534"}],"curies":[{"name":"wp","href":"https:\/\/api.w.org\/{rel}","templated":true}]}}